{"id":17716,"date":"2019-03-17T16:29:56","date_gmt":"2019-03-17T13:29:56","guid":{"rendered":"https:\/\/www.saguengineering.com\/home\/"},"modified":"2019-12-02T16:20:23","modified_gmt":"2019-12-02T13:20:23","slug":"hauptseite","status":"publish","type":"page","link":"https:\/\/www.saguengineering.com\/de\/hauptseite\/","title":{"rendered":"Hauptseite"},"content":{"rendered":"\n\t\t\t\t<a href=\"\/de\/leistungen\/schweissen-konstruktion\/\" target=\"_self\" itemprop=\"url\" rel=\"noopener noreferrer\">\n\t\t\t\t<img decoding=\"async\" loading=\"lazy\" src=\"https:\/\/www.saguengineering.com\/wp-content\/uploads\/2019\/03\/services-welding-construction-150x150.png\" alt=\"services welding construction\" itemprop=\"image\" height=\"150\" width=\"150\" title=\"services welding construction\" onerror=\"this.style.display='none'\"  \/>\n\t\t\t\t<\/a>\n<h3>\n\t\t\t<a href=\"\/de\/leistungen\/schweissen-konstruktion\/\" title=\"Schwei\u00dfen &amp; Konstruktion\" target=\"_self\" rel=\"noopener noreferrer\">\n\tSchwei\u00dfen &amp; Konstruktion\n\t\t\t<\/a>\n\t<\/h3>\n\t\t\t\t<a href=\"\/de\/leistungen\/bearbeitung\/\" target=\"_self\" itemprop=\"url\" rel=\"noopener noreferrer\">\n\t\t\t\t<img decoding=\"async\" loading=\"lazy\" src=\"https:\/\/www.saguengineering.com\/wp-content\/uploads\/2019\/03\/services-machining-150x150.png\" alt=\"services machining\" itemprop=\"image\" height=\"150\" width=\"150\" title=\"services machining\" onerror=\"this.style.display='none'\"  \/>\n\t\t\t\t<\/a>\n<h3>\n\t\t\t<a href=\"\/de\/leistungen\/bearbeitung\/\" title=\"Bearbeitung\" target=\"_self\" rel=\"noopener noreferrer\">\n\tBearbeitung\n\t\t\t<\/a>\n\t<\/h3>\n\t\t\t\t<a href=\"\/de\/leistungen\/automatische-desinfektionssysteme\/\" target=\"_self\" itemprop=\"url\" rel=\"noopener noreferrer\">\n\t\t\t\t<img decoding=\"async\" loading=\"lazy\" src=\"https:\/\/www.saguengineering.com\/wp-content\/uploads\/2019\/03\/services-automatic-disinfection-systems-150x150.png\" alt=\"services automatic disinfection systems\" itemprop=\"image\" height=\"150\" width=\"150\" title=\"services automatic disinfection systems\" onerror=\"this.style.display='none'\"  \/>\n\t\t\t\t<\/a>\n<h3>\n\t\t\t<a href=\"\/de\/leistungen\/automatische-desinfektionssysteme\/\" title=\"Automatische&lt;br&gt;Desinfektions&lt;br&gt;Systeme\" target=\"_self\" rel=\"noopener noreferrer\">\n\tAutomatische<br>Desinfektions<br>Systeme\n\t\t\t<\/a>\n\t<\/h3>\n\t\t\t\t<a href=\"\/de\/leistungen\/oberflaechenbeschichtungsanlagen-ausruestungen\/\" target=\"_self\" itemprop=\"url\" rel=\"noopener noreferrer\">\n\t\t\t\t<img decoding=\"async\" loading=\"lazy\" src=\"https:\/\/www.saguengineering.com\/wp-content\/uploads\/2019\/03\/services-surface-coating-plants-and-equipments-150x150.png\" alt=\"services surface coating plants and equipments\" itemprop=\"image\" height=\"150\" width=\"150\" title=\"services surface coating plants and equipments\" onerror=\"this.style.display='none'\"  \/>\n\t\t\t\t<\/a>\n<h3>\n\t\t\t<a href=\"\/de\/leistungen\/oberflaechenbeschichtungsanlagen-ausruestungen\/\" title=\"Oberfl\u00e4chen&lt;br&gt;Beschichtungs&lt;br&gt;anlagen&lt;br&gt;&amp; Ausr\u00fcstungen\" target=\"_self\" rel=\"noopener noreferrer\">\n\tOberfl\u00e4chen<br>Beschichtungs<br>anlagen<br>&amp; Ausr\u00fcstungen\n\t\t\t<\/a>\n\t<\/h3>\n\t<h1>Warum SAGU das F\u00fchrende Industriebauunternehmen Ist<\/h1>\n\t\u25ce\u00a0 Kundenzufriedenheit Ergebnisse<br \/>\n\u25ce\u00a0 P\u00fcnktliche Lieferung<br \/>\n\u25ce\u00a0 Produktionsqualit\u00e4t<br \/>\n\u25ce\u00a0 Beste Kostenpolitik\n\t<a href=\"\/de\/uber-sagu\/\" target=\"_self\" role=\"button\" rel=\"noopener noreferrer\">\n\t\t\t\t\t\u00dcber SAGU\n\t<\/a>\n<h2>\n\tKontaktieren Sie Uns\n\t<\/h2>\n    Hinweis: F\u00fcr diese Inhalte ist JavaScript erforderlich.\n        <!-- TODO: Move to Template File. -->\n\t<iframe loading=\"lazy\" src=\"https:\/\/www.google.com\/maps\/embed?pb=!1m14!1m8!1m3!1d2570.8152316810356!2d32.55763167084196!3d39.98092570691612!3m2!1i1024!2i768!4f13.1!3m3!1m2!1s0x0%3A0x3914ccc50b9c7d85!2sSAGU%20M%C3%BChendislik%20End%C3%BCstriyel%20%C3%9Cr%C3%BCnler%20Sanayi%20ve%20Ticaret%20Anonim%20%C5%9Eirketi!5e0!3m2!1sen!2str!4v1567099826839!5m2!1sen!2str\" width=\"650\" height=\"703\" frameborder=\"0\" allowfullscreen=\"\"><\/iframe>\n","protected":false},"excerpt":{"rendered":"<p>Schwei\u00dfen &amp; Konstruktion Bearbeitung AutomatischeDesinfektionsSysteme Oberfl\u00e4chenBeschichtungsanlagen&amp; Ausr\u00fcstungen Warum SAGU das F\u00fchrende Industriebauunternehmen Ist \u25ce\u00a0 Kundenzufriedenheit Ergebnisse \u25ce\u00a0 P\u00fcnktliche Lieferung \u25ce\u00a0 Produktionsqualit\u00e4t \u25ce\u00a0 Beste Kostenpolitik \u00dcber SAGU Kontaktieren Sie Uns Hinweis: F\u00fcr diese Inhalte ist JavaScript erforderlich.<\/p>\n","protected":false},"author":1,"featured_media":17707,"parent":0,"menu_order":-999,"comment_status":"closed","ping_status":"closed","template":"","meta":{"footnotes":""},"jetpack_sharing_enabled":true,"_links":{"self":[{"href":"https:\/\/www.saguengineering.com\/de\/wp-json\/wp\/v2\/pages\/17716\/"}],"collection":[{"href":"https:\/\/www.saguengineering.com\/de\/wp-json\/wp\/v2\/pages\/"}],"about":[{"href":"https:\/\/www.saguengineering.com\/de\/wp-json\/wp\/v2\/types\/page\/"}],"author":[{"embeddable":true,"href":"https:\/\/www.saguengineering.com\/de\/wp-json\/wp\/v2\/users\/1\/"}],"replies":[{"embeddable":true,"href":"https:\/\/www.saguengineering.com\/de\/wp-json\/wp\/v2\/comments\/?post=17716"}],"version-history":[{"count":1,"href":"https:\/\/www.saguengineering.com\/de\/wp-json\/wp\/v2\/pages\/17716\/revisions\/"}],"predecessor-version":[{"id":18189,"href":"https:\/\/www.saguengineering.com\/de\/wp-json\/wp\/v2\/pages\/17716\/revisions\/18189\/"}],"wp:featuredmedia":[{"embeddable":true,"href":"https:\/\/www.saguengineering.com\/de\/wp-json\/wp\/v2\/media\/17707\/"}],"wp:attachment":[{"href":"https:\/\/www.saguengineering.com\/de\/wp-json\/wp\/v2\/media\/?parent=17716"}],"curies":[{"name":"wp","href":"https:\/\/api.w.org\/{rel}","templated":true}]}}